  {"id":6047,"date":"2022-06-20T10:45:26","date_gmt":"2022-06-20T15:45:26","guid":{"rendered":"http:\/\/msb.five.zysites.com\/about-us\/"},"modified":"2024-08-23T06:59:50","modified_gmt":"2024-08-23T11:59:50","slug":"about-us","status":"publish","type":"page","link":"https:\/\/www.msbinsurancegroup.com\/es\/about-us\/","title":{"rendered":"Sobre nosotros"},"content":{"rendered":"<p>MSB 911±¬ÁÏÍø, ubicada en el coraz\u00f3n de Houston, Texas, es su socio de confianza para soluciones integrales de seguros personales y comerciales. Con a\u00f1os de experiencia atendiendo las diversas necesidades de nuestra comunidad, nos enorgullecemos de ofrecer opciones de cobertura a medida que protegen lo que m\u00e1s importa para usted. Nuestro equipo de profesionales dedicados combina experiencia local con conocimiento de la industria para navegar el complejo mundo de los seguros, asegurando que nuestros clientes reciban atenci\u00f3n personalizada y la mejor protecci\u00f3n posible para sus circunstancias \u00fanicas. Ya sea que est\u00e9 salvaguardando el futuro de su familia o asegurando los activos de su negocio, MSB 911±¬ÁÏÍø est\u00e1 comprometida a proporcionar tranquilidad a trav\u00e9s de una cobertura confiable y un servicio excepcional.<\/p>\n","protected":false},"excerpt":{"rendered":"<p>MSB 911±¬ÁÏÍø, ubicada en el coraz\u00f3n de Houston, Texas, es su socio de confianza para soluciones integrales de seguros personales y comerciales. Con a\u00f1os de experiencia atendiendo las diversas necesidades de nuestra comunidad, nos enorgullecemos de ofrecer opciones de cobertura a medida que protegen lo que m\u00e1s importa para usted. Nuestro equipo de profesionales dedicados [&hellip;]<\/p>\n","protected":false},"author":69,"featured_media":0,"parent":0,"menu_order":0,"comment_status":"closed","ping_status":"closed","template":"","meta":{"_acf_changed":false,"_seopress_robots_primary_cat":null,"_seopress_titles_title":"","_seopress_titles_desc":"","_seopress_robots_index":"","_analytify_skip_tracking":false,"footnotes":""},"class_list":["post-6047","page","type-page","status-publish","hentry"],"acf":[],"_links":{"self":[{"href":"https:\/\/www.msbinsurancegroup.com\/es\/wp-json\/wp\/v2\/pages\/6047","targetHints":{"allow":["GET"]}}],"collection":[{"href":"https:\/\/www.msbinsurancegroup.com\/es\/wp-json\/wp\/v2\/pages"}],"about":[{"href":"https:\/\/www.msbinsurancegroup.com\/es\/wp-json\/wp\/v2\/types\/page"}],"author":[{"embeddable":true,"href":"https:\/\/www.msbinsurancegroup.com\/es\/wp-json\/wp\/v2\/users\/69"}],"replies":[{"embeddable":true,"href":"https:\/\/www.msbinsurancegroup.com\/es\/wp-json\/wp\/v2\/comments?post=6047"}],"version-history":[{"count":0,"href":"https:\/\/www.msbinsurancegroup.com\/es\/wp-json\/wp\/v2\/pages\/6047\/revisions"}],"wp:attachment":[{"href":"https:\/\/www.msbinsurancegroup.com\/es\/wp-json\/wp\/v2\/media?parent=6047"}],"curies":[{"name":"wp","href":"https:\/\/api.w.org\/{rel}","templated":true}]}}